{"id":3320,"date":"2026-03-27T23:46:47","date_gmt":"2026-03-27T23:46:47","guid":{"rendered":"https:\/\/sofiestranslatingservice.com\/product\/modele-de-crochet-en-francais\/"},"modified":"2026-04-09T22:57:49","modified_gmt":"2026-04-09T22:57:49","slug":"modele-de-crochet-en-francais","status":"publish","type":"product","link":"https:\/\/sofiestranslatingservice.com\/fr\/produit\/modele-de-crochet-en-francais\/","title":{"rendered":"Mod\u00e8le de crochet en fran\u00e7ais"},"content":{"rendered":"<p><strong>Service professionnel de traduction de mod\u00e8le de crochet<\/strong><\/p>\n<p>\u00c9largissez votre audience et rendez vos mod\u00e8les de crochet accessibles \u00e0 un public plus large gr\u00e2ce \u00e0 une traduction pr\u00e9cise et de grande qualit\u00e9. Je suis sp\u00e9cialis\u00e9e dans la traduction de patrons de crochet du fran\u00e7ais vers l&rsquo;anglais (terminologie am\u00e9ricaine et britannique), le n\u00e9erlandais ou l&rsquo;indon\u00e9sien, en veillant \u00e0 ce que chaque point, chaque abr\u00e9viation et chaque instruction soit adapt\u00e9 de mani\u00e8re claire et correcte \u00e0 la langue cible. <\/p>\n<p>Les patrons de crochet ne se contentent pas d&rsquo;une simple traduction : ils exigent une compr\u00e9hension approfondie de la terminologie et de la structure. Votre patron sera traduit avec le plus grand soin afin d&rsquo;en garantir la clart\u00e9, la coh\u00e9rence et la facilit\u00e9 d&rsquo;utilisation, pour que les couturiers puissent suivre vos instructions sans aucune confusion. French crochet terms are accurately converted into US or UK terminology where needed.<\/p>\n<p><strong>Tarifs<\/strong> :<br \/>\nLe prix de ce service est calcul\u00e9 par tranche de 100 mots. Veuillez vous assurer d&rsquo;indiquer la <strong>quantit\u00e9 exacte<\/strong> en fonction du nombre total de mots de votre patron. <\/p>\n<p>Comment \u00e7a marche :<br \/>\nUne fois votre commande pass\u00e9e, vous devez t\u00e9l\u00e9charger votre fichier directement sur la page de paiement. Cette \u00e9tape est indispensable pour que je puisse commencer \u00e0 travailler sur votre traduction sans d\u00e9lai. <\/p>\n<p><strong>Formats de fichiers accept\u00e9s <\/strong>:<br \/>\nVeuillez fournir votre motif dans l&rsquo;un des formats suivants :<\/p>\n<ul>\n<li>PDF<\/li>\n<li>Canva<\/li>\n<li>Apple Pages<\/li>\n<li>Microsoft Word<\/li>\n<li>(ou tout autre format modifiable\/lisible similaire)<\/li>\n<\/ul>\n<p><strong>Nombre de mots :<\/strong><br \/>\nSi vous connaissez d\u00e9j\u00e0 le nombre de mots de votre mod\u00e8le, vous pouvez indiquer la quantit\u00e9 exacte lors de votre achat. Si vous n&rsquo;\u00eates pas s\u00fbr du nombre de mots, veuillez me contacter via la page de contact <em>avant de passer votre commande<\/em> et y t\u00e9l\u00e9charger votre fichier. Je l&rsquo;examinerai et d\u00e9terminerai le nombre de mots exact pour vous.  <\/p>\n<p><strong>Livraison<\/strong> :<br \/>\nUne fois la traduction termin\u00e9e, votre patron traduit vous sera renvoy\u00e9 par e-mail. Le d\u00e9lai d&rsquo;ex\u00e9cution est g\u00e9n\u00e9ralement de 2 \u00e0 3 jours maximum, en fonction de la longueur du patron. <\/p>\n<p>Chaque traduction est r\u00e9alis\u00e9e avec le souci du d\u00e9tail et dans le respect de votre cr\u00e9ation originale, afin que vous puissiez partager vos mod\u00e8les en toute confiance avec les amateurs de crochet du monde entier.<\/p>\n","protected":false},"excerpt":{"rendered":"<p>Service de traduction professionnel de patrons de crochet du fran\u00e7ais vers l&rsquo;anglais am\u00e9ricain ou britannique, le n\u00e9erlandais ou l&rsquo;indon\u00e9sien. Votre patron sera traduit avec soin, en accordant une attention particuli\u00e8re \u00e0 la terminologie propre au crochet, \u00e0 la clart\u00e9 et \u00e0 la coh\u00e9rence, afin de garantir qu&rsquo;il reste pr\u00e9cis, facile \u00e0 suivre et fid\u00e8le au mod\u00e8le original. Id\u00e9al pour les cr\u00e9ateurs qui souhaitent toucher un public international plus large sans compromettre la qualit\u00e9 ni les d\u00e9tails.  <\/p>\n","protected":false},"featured_media":2420,"comment_status":"open","ping_status":"closed","template":"","meta":{"_acf_changed":false},"product_brand":[],"product_cat":[208],"product_tag":[165,166,246,160,161,159,210,164,163,162,209],"class_list":{"0":"post-3320","1":"product","2":"type-product","3":"status-publish","4":"has-post-thumbnail","6":"product_cat-crochet","7":"product_tag-anglais-americain","8":"product_tag-anglais-britannique","9":"product_tag-crochet","10":"product_tag-francais","11":"product_tag-indonesien","12":"product_tag-neerlandais","13":"product_tag-patron-de-crochet","14":"product_tag-service-de-traduction","15":"product_tag-traducteur","16":"product_tag-traduire","17":"product_tag-traduire-2","19":"first","20":"instock","21":"virtual","22":"purchasable","23":"product-type-simple"},"acf":[],"aioseo_notices":[],"_links":{"self":[{"href":"https:\/\/sofiestranslatingservice.com\/fr\/wp-json\/wp\/v2\/product\/3320","targetHints":{"allow":["GET"]}}],"collection":[{"href":"https:\/\/sofiestranslatingservice.com\/fr\/wp-json\/wp\/v2\/product"}],"about":[{"href":"https:\/\/sofiestranslatingservice.com\/fr\/wp-json\/wp\/v2\/types\/product"}],"replies":[{"embeddable":true,"href":"https:\/\/sofiestranslatingservice.com\/fr\/wp-json\/wp\/v2\/comments?post=3320"}],"wp:featuredmedia":[{"embeddable":true,"href":"https:\/\/sofiestranslatingservice.com\/fr\/wp-json\/wp\/v2\/media\/2420"}],"wp:attachment":[{"href":"https:\/\/sofiestranslatingservice.com\/fr\/wp-json\/wp\/v2\/media?parent=3320"}],"wp:term":[{"taxonomy":"product_brand","embeddable":true,"href":"https:\/\/sofiestranslatingservice.com\/fr\/wp-json\/wp\/v2\/product_brand?post=3320"},{"taxonomy":"product_cat","embeddable":true,"href":"https:\/\/sofiestranslatingservice.com\/fr\/wp-json\/wp\/v2\/product_cat?post=3320"},{"taxonomy":"product_tag","embeddable":true,"href":"https:\/\/sofiestranslatingservice.com\/fr\/wp-json\/wp\/v2\/product_tag?post=3320"}],"curies":[{"name":"wp","href":"https:\/\/api.w.org\/{rel}","templated":true}]}}