{"id":3309,"date":"2026-03-28T09:53:24","date_gmt":"2026-03-28T09:53:24","guid":{"rendered":"https:\/\/sofiestranslatingservice.com\/product\/fiche-et-descriptions-des-produits\/"},"modified":"2026-04-09T23:09:47","modified_gmt":"2026-04-09T23:09:47","slug":"fiche-et-descriptions-des-produits","status":"publish","type":"product","link":"https:\/\/sofiestranslatingservice.com\/fr\/produit\/fiche-et-descriptions-des-produits\/","title":{"rendered":"Fiche et descriptions des produits"},"content":{"rendered":"<p><strong>Service professionnel de traduction de fiches de crochet et de tricot<\/strong><\/p>\n<p>\u00c9largissez votre audience et touchez un public international en proposant vos produits de crochet et de tricot en plusieurs langues. Je suis sp\u00e9cialis\u00e9e dans la traduction de fiches produits et de descriptions de mod\u00e8les de crochet et de tricot depuis l&rsquo;anglais, le n\u00e9erlandais, le fran\u00e7ais, l&rsquo;espagnol, l&rsquo;italien, le portugais, l&rsquo;allemand et l&rsquo;indon\u00e9sien vers l&rsquo;anglais (am\u00e9ricain\/britannique), le n\u00e9erlandais, le fran\u00e7ais ou l&rsquo;indon\u00e9sien. <\/p>\n<p>Les fiches produits ne se contentent pas d&rsquo;une simple traduction litt\u00e9rale : elles doivent \u00eatre claires, attrayantes et adapt\u00e9es \u00e0 votre public, tout en restant fid\u00e8les \u00e0 votre contenu d&rsquo;origine. Vos titres, descriptions et informations cl\u00e9s seront soigneusement traduits afin de garantir la pr\u00e9cision, la coh\u00e9rence et un style naturel dans la langue cible, ce qui vous permettra de pr\u00e9senter vos produits de mani\u00e8re professionnelle sur diff\u00e9rents march\u00e9s. <\/p>\n<p>Tarifs :<strong><\/strong>Le prix de ce service est calcul\u00e9 par tranche de 100 mots. Veillez \u00e0 saisir la <wpml_linebreak>quantit\u00e9 exacte<\/wpml_linebreak> en fonction du nombre total de mots de votre texte. <\/p>\n<p>Comment \u00e7a marche :<br \/>\nUne fois votre commande pass\u00e9e, vous devez t\u00e9l\u00e9charger votre fichier directement sur la page de paiement. Cette \u00e9tape est indispensable pour que je puisse commencer \u00e0 travailler sur votre traduction sans d\u00e9lai. <\/p>\n<p><strong>Formats de fichiers accept\u00e9s :<\/strong><br \/>\nVeuillez fournir votre contenu dans l&rsquo;un des formats suivants :<\/p>\n<ul>\n<li>PDF<\/li>\n<li>Canva<\/li>\n<li>Apple Pages<\/li>\n<li>Microsoft Word<\/li>\n<li>(ou tout autre format modifiable\/lisible similaire)<\/li>\n<\/ul>\n<p>Nombre de mots :<strong><\/strong>Si vous connaissez d\u00e9j\u00e0 le nombre de mots de votre texte, vous pouvez indiquer le nombre exact lors de votre achat. Si vous avez des doutes concernant le nombre de mots, veuillez me contacter via la page de contact avant de passer votre commande et y t\u00e9l\u00e9charger votre fichier. Je vais l&rsquo;examiner et d\u00e9terminer le nombre exact de mots pour vous.  <\/p>\n<p>Livraison :<br \/>\nUne fois la traduction termin\u00e9e, votre texte traduit vous sera renvoy\u00e9 par e-mail. Le d\u00e9lai d&rsquo;ex\u00e9cution est g\u00e9n\u00e9ralement de 2 \u00e0 3 jours maximum, en fonction de la longueur du contenu. <\/p>\n<p>Chaque traduction est r\u00e9alis\u00e9e avec le souci du d\u00e9tail et dans le respect de votre contenu original, afin que vous puissiez pr\u00e9senter en toute confiance vos produits de crochet et de tricot \u00e0 vos clients du monde entier.<\/p>\n","protected":false},"excerpt":{"rendered":"<p>Service de traduction professionnel pour les fiches produits et les descriptions d&rsquo;articles de crochet et de tricot. Je traduis depuis l&rsquo;anglais, le n\u00e9erlandais, le fran\u00e7ais, l&rsquo;espagnol, l&rsquo;italien, le portugais, l&rsquo;allemand et l&rsquo;indon\u00e9sien vers l&rsquo;anglais (am\u00e9ricain\/britannique), le n\u00e9erlandais, le fran\u00e7ais ou l&rsquo;indon\u00e9sien, en veillant \u00e0 ce que votre contenu soit clair, pr\u00e9cis et naturel pour votre public cible. Id\u00e9al pour toucher davantage de clients \u00e0 travers le monde.  <\/p>\n","protected":false},"featured_media":2477,"comment_status":"open","ping_status":"closed","template":"","meta":{"_acf_changed":false},"product_brand":[],"product_cat":[208,109],"product_tag":[169,165,166,248,245,279,160,161,243,167,159,210,168,244,247,164,163,209,162],"class_list":{"0":"post-3309","1":"product","2":"type-product","3":"status-publish","4":"has-post-thumbnail","6":"product_cat-crochet","7":"product_cat-tricot","8":"product_tag-allemand","9":"product_tag-anglais-americain","10":"product_tag-anglais-britannique","11":"product_tag-description-du-produit","12":"product_tag-espagnol","13":"product_tag-fiche-de-produit","14":"product_tag-francais","15":"product_tag-indonesien","16":"product_tag-italien","17":"product_tag-knitting","18":"product_tag-neerlandais","19":"product_tag-patron-de-crochet","20":"product_tag-patron-de-tricot","21":"product_tag-portugais","22":"product_tag-produit","23":"product_tag-service-de-traduction","24":"product_tag-traducteur","25":"product_tag-traduire-2","26":"product_tag-traduire","28":"first","29":"instock","30":"virtual","31":"purchasable","32":"product-type-simple"},"acf":[],"aioseo_notices":[],"_links":{"self":[{"href":"https:\/\/sofiestranslatingservice.com\/fr\/wp-json\/wp\/v2\/product\/3309","targetHints":{"allow":["GET"]}}],"collection":[{"href":"https:\/\/sofiestranslatingservice.com\/fr\/wp-json\/wp\/v2\/product"}],"about":[{"href":"https:\/\/sofiestranslatingservice.com\/fr\/wp-json\/wp\/v2\/types\/product"}],"replies":[{"embeddable":true,"href":"https:\/\/sofiestranslatingservice.com\/fr\/wp-json\/wp\/v2\/comments?post=3309"}],"wp:featuredmedia":[{"embeddable":true,"href":"https:\/\/sofiestranslatingservice.com\/fr\/wp-json\/wp\/v2\/media\/2477"}],"wp:attachment":[{"href":"https:\/\/sofiestranslatingservice.com\/fr\/wp-json\/wp\/v2\/media?parent=3309"}],"wp:term":[{"taxonomy":"product_brand","embeddable":true,"href":"https:\/\/sofiestranslatingservice.com\/fr\/wp-json\/wp\/v2\/product_brand?post=3309"},{"taxonomy":"product_cat","embeddable":true,"href":"https:\/\/sofiestranslatingservice.com\/fr\/wp-json\/wp\/v2\/product_cat?post=3309"},{"taxonomy":"product_tag","embeddable":true,"href":"https:\/\/sofiestranslatingservice.com\/fr\/wp-json\/wp\/v2\/product_tag?post=3309"}],"curies":[{"name":"wp","href":"https:\/\/api.w.org\/{rel}","templated":true}]}}