{"id":3363,"date":"2026-03-28T09:40:26","date_gmt":"2026-03-28T09:40:26","guid":{"rendered":"https:\/\/sofiestranslatingservice.com\/product\/patron-de-punto-espanol\/"},"modified":"2026-03-28T09:40:26","modified_gmt":"2026-03-28T09:40:26","slug":"patron-de-punto-espanol","status":"publish","type":"product","link":"https:\/\/sofiestranslatingservice.com\/es\/producto\/patron-de-punto-espanol\/","title":{"rendered":"Patr\u00f3n de punto espa\u00f1ol"},"content":{"rendered":"<p><strong>Servicio profesional de traducci\u00f3n de patrones de punto<\/strong><\/p>\n<p>Expand your reach and make your knitting patterns accessible to a wider audience with a high-quality, accurate translation. I specialize in translating knitting patterns from Spanish into English, Dutch, French, or Indonesian, ensuring that every stitch, abbreviation, and instruction is clearly and correctly adapted for the target language. <\/p>\n<p>Los patrones de punto requieren algo m\u00e1s que una simple traducci\u00f3n: exigen un profundo conocimiento de la terminolog\u00eda y la estructura. Traduciremos tu patr\u00f3n con sumo cuidado para garantizar la claridad, la coherencia y la facilidad de uso, de modo que los aficionados al punto puedan seguir tu dise\u00f1o sin confusiones. <\/p>\n<p><strong>Precios<\/strong>:<br \/>\nEl precio de este servicio se calcula por cada 100 palabras. Aseg\u00farate de introducir <strong>la cantidad correcta<\/strong> en funci\u00f3n del recuento total de palabras de tu patr\u00f3n. <\/p>\n<p><strong>C\u00f3mo funciona<\/strong>:<br \/>\nUna vez realizado el pedido, debes subir tu archivo directamente en la p\u00e1gina de pago. Esto es necesario para que pueda empezar a trabajar en tu traducci\u00f3n sin demora. <\/p>\n<p>Formatos de archivo admitidos:<br \/>\nEnv\u00ede su patr\u00f3n en uno de los siguientes formatos:<\/p>\n<ul>\n<li>PDF<\/li>\n<li>Canva<\/li>\n<li>Apple Pages<\/li>\n<li>Microsoft Word<\/li>\n<li>(o formatos similares editables o legibles)<\/li>\n<\/ul>\n<p><strong>N\u00famero de palabras<\/strong>:<br \/>\nSi ya conoces el n\u00famero de palabras de tu patr\u00f3n, puedes introducir la cantidad correcta al realizar la compra. Si no est\u00e1s seguro del n\u00famero de palabras, ponte en contacto conmigo a trav\u00e9s de la p\u00e1gina de contacto <em>antes de realizar el pedido<\/em> y sube tu archivo all\u00ed. Lo revisar\u00e9 y determinar\u00e9 el n\u00famero de palabras correcto para ti.  <\/p>\n<p>Entrega:<br \/>\nUna vez finalizada la traducci\u00f3n, te enviaremos el patr\u00f3n traducido por correo electr\u00f3nico. El plazo de entrega suele ser de 2 a 3 d\u00edas como m\u00e1ximo, dependiendo de la extensi\u00f3n del patr\u00f3n. <\/p>\n<p>Cada traducci\u00f3n se realiza prestando atenci\u00f3n a los detalles y respetando tu trabajo original, para que puedas compartir tus patrones con confianza con creadores de todo el mundo.<\/p>\n","protected":false},"excerpt":{"rendered":"<p>Servicio de traducci\u00f3n profesional de patrones de punto del espa\u00f1ol al ingl\u00e9s (estadounidense\/brit\u00e1nico), neerland\u00e9s, franc\u00e9s o indonesio. Tu patr\u00f3n se traducir\u00e1 con esmero, prestando especial atenci\u00f3n a la terminolog\u00eda espec\u00edfica del punto, la claridad y la coherencia, para garantizar que resulte preciso, f\u00e1cil de seguir y fiel al dise\u00f1o original. Ideal para dise\u00f1adores que deseen llegar a un p\u00fablico internacional m\u00e1s amplio sin perder calidad ni detalles.  <\/p>\n","protected":false},"featured_media":2431,"comment_status":"open","ping_status":"closed","template":"","meta":{"_acf_changed":false},"product_brand":[],"product_cat":[112],"product_tag":[274,195,194,196,201,202,204,199,203,197,200,198],"class_list":{"0":"post-3363","1":"product","2":"type-product","3":"status-publish","4":"has-post-thumbnail","6":"product_cat-tejer","7":"product_tag-espanol-2","8":"product_tag-frances","9":"product_tag-holandes","10":"product_tag-indonesio","11":"product_tag-ingles-americano","12":"product_tag-ingles-britanico","13":"product_tag-patron-de-punto","14":"product_tag-servicio-de-traduccion","15":"product_tag-tejer","16":"product_tag-traduciendo","17":"product_tag-traducir","18":"product_tag-traductor","20":"first","21":"instock","22":"virtual","23":"purchasable","24":"product-type-simple"},"acf":[],"aioseo_notices":[],"_links":{"self":[{"href":"https:\/\/sofiestranslatingservice.com\/es\/wp-json\/wp\/v2\/product\/3363","targetHints":{"allow":["GET"]}}],"collection":[{"href":"https:\/\/sofiestranslatingservice.com\/es\/wp-json\/wp\/v2\/product"}],"about":[{"href":"https:\/\/sofiestranslatingservice.com\/es\/wp-json\/wp\/v2\/types\/product"}],"replies":[{"embeddable":true,"href":"https:\/\/sofiestranslatingservice.com\/es\/wp-json\/wp\/v2\/comments?post=3363"}],"wp:featuredmedia":[{"embeddable":true,"href":"https:\/\/sofiestranslatingservice.com\/es\/wp-json\/wp\/v2\/media\/2431"}],"wp:attachment":[{"href":"https:\/\/sofiestranslatingservice.com\/es\/wp-json\/wp\/v2\/media?parent=3363"}],"wp:term":[{"taxonomy":"product_brand","embeddable":true,"href":"https:\/\/sofiestranslatingservice.com\/es\/wp-json\/wp\/v2\/product_brand?post=3363"},{"taxonomy":"product_cat","embeddable":true,"href":"https:\/\/sofiestranslatingservice.com\/es\/wp-json\/wp\/v2\/product_cat?post=3363"},{"taxonomy":"product_tag","embeddable":true,"href":"https:\/\/sofiestranslatingservice.com\/es\/wp-json\/wp\/v2\/product_tag?post=3363"}],"curies":[{"name":"wp","href":"https:\/\/api.w.org\/{rel}","templated":true}]}}