{"id":2940,"date":"2026-03-28T10:05:29","date_gmt":"2026-03-28T10:05:29","guid":{"rendered":"https:\/\/sofiestranslatingservice.com\/product\/patron-de-ganchillo-en-aleman\/"},"modified":"2026-04-11T23:18:21","modified_gmt":"2026-04-11T23:18:21","slug":"patron-de-ganchillo-en-aleman","status":"publish","type":"product","link":"https:\/\/sofiestranslatingservice.com\/es\/producto\/patron-de-ganchillo-en-aleman\/","title":{"rendered":"Patr\u00f3n de ganchillo en alem\u00e1n"},"content":{"rendered":"<p><strong>Servicio profesional de traducci\u00f3n de patrones de ganchillo<\/strong><\/p>\n<p>Ampl\u00ede su alcance y ponga sus patrones de ganchillo al alcance de un p\u00fablico m\u00e1s amplio con una traducci\u00f3n precisa y de alta calidad. Me especializo en la traducci\u00f3n de patrones de ganchillo del alem\u00e1n al ingl\u00e9s (con terminolog\u00eda estadounidense y brit\u00e1nica), al neerland\u00e9s, al franc\u00e9s o al indonesio, asegur\u00e1ndome de que cada punto, abreviatura e instrucci\u00f3n se adapte de forma clara y correcta al idioma de destino. <\/p>\n<p>Crochet patterns require more than a basic translation\u2014they need a deep understanding of terminology and structure. Your pattern will be translated with great care to maintain clarity, consistency, and usability, so makers can follow your design without confusion. German crochet terms are accurately converted into US or UK terminology where needed.  <\/p>\n<p><strong>Precios<\/strong>:<br \/>\nEl precio de este servicio se calcula por cada 100 palabras. Aseg\u00farate de introducir <strong>la cantidad correcta<\/strong> en funci\u00f3n del recuento total de palabras de tu patr\u00f3n. <\/p>\n<p><strong>C\u00f3mo funciona<\/strong>:<br \/>\nUna vez realizado el pedido, debes subir tu archivo directamente en la p\u00e1gina de pago. Esto es necesario para que pueda empezar a trabajar en tu traducci\u00f3n sin demora. <\/p>\n<p>Formatos de archivo admitidos:<br \/>\nEnv\u00ede su patr\u00f3n en uno de los siguientes formatos:<\/p>\n<ul>\n<li>PDF<\/li>\n<li>Canva<\/li>\n<li>Apple Pages<\/li>\n<li>Microsoft Word<\/li>\n<li>(o formatos similares editables o legibles)<\/li>\n<\/ul>\n<p><strong>N\u00famero de palabras<\/strong>:<br \/>\nSi ya conoces el n\u00famero de palabras de tu patr\u00f3n, puedes introducir la cantidad correcta al realizar la compra. Si no est\u00e1s seguro del n\u00famero de palabras, ponte en contacto conmigo a trav\u00e9s de la p\u00e1gina de contacto <em>antes de realizar el pedido<\/em> y sube tu archivo all\u00ed. Lo revisar\u00e9 y determinar\u00e9 el n\u00famero de palabras correcto para ti.  <\/p>\n<p>Entrega:<br \/>\nUna vez finalizada la traducci\u00f3n, te enviaremos el patr\u00f3n traducido por correo electr\u00f3nico. El plazo de entrega suele ser de 2 a 3 d\u00edas como m\u00e1ximo, dependiendo de la extensi\u00f3n del patr\u00f3n. <\/p>\n<p>Cada traducci\u00f3n se realiza prestando atenci\u00f3n a los detalles y respetando tu trabajo original, para que puedas compartir tus patrones con confianza con crocheteros de todo el mundo.<\/p>\n","protected":false},"excerpt":{"rendered":"<p>Servicio de traducci\u00f3n profesional de patrones de ganchillo del alem\u00e1n al ingl\u00e9s (con terminolog\u00eda estadounidense y brit\u00e1nica), al neerland\u00e9s, al franc\u00e9s o al indonesio. Su patr\u00f3n se traducir\u00e1 con esmero, prestando especial atenci\u00f3n a la terminolog\u00eda espec\u00edfica del ganchillo, a la claridad y a la coherencia, garantizando que resulte preciso, f\u00e1cil de seguir y fiel al dise\u00f1o original. Ideal para dise\u00f1adores que deseen llegar a un p\u00fablico internacional m\u00e1s amplio sin perder calidad ni detalles.  <\/p>\n","protected":false},"featured_media":2487,"comment_status":"open","ping_status":"closed","template":"","meta":{"_acf_changed":false},"product_brand":[],"product_cat":[215],"product_tag":[205,195,194,196,201,202,216,199,197,200,198],"class_list":{"0":"post-2940","1":"product","2":"type-product","3":"status-publish","4":"has-post-thumbnail","6":"product_cat-ganchillo","7":"product_tag-aleman","8":"product_tag-frances","9":"product_tag-holandes","10":"product_tag-indonesio","11":"product_tag-ingles-americano","12":"product_tag-ingles-britanico","13":"product_tag-patron-de-ganchillo","14":"product_tag-servicio-de-traduccion","15":"product_tag-traduciendo","16":"product_tag-traducir","17":"product_tag-traductor","19":"first","20":"instock","21":"virtual","22":"purchasable","23":"product-type-simple"},"acf":[],"aioseo_notices":[],"_links":{"self":[{"href":"https:\/\/sofiestranslatingservice.com\/es\/wp-json\/wp\/v2\/product\/2940","targetHints":{"allow":["GET"]}}],"collection":[{"href":"https:\/\/sofiestranslatingservice.com\/es\/wp-json\/wp\/v2\/product"}],"about":[{"href":"https:\/\/sofiestranslatingservice.com\/es\/wp-json\/wp\/v2\/types\/product"}],"replies":[{"embeddable":true,"href":"https:\/\/sofiestranslatingservice.com\/es\/wp-json\/wp\/v2\/comments?post=2940"}],"wp:featuredmedia":[{"embeddable":true,"href":"https:\/\/sofiestranslatingservice.com\/es\/wp-json\/wp\/v2\/media\/2487"}],"wp:attachment":[{"href":"https:\/\/sofiestranslatingservice.com\/es\/wp-json\/wp\/v2\/media?parent=2940"}],"wp:term":[{"taxonomy":"product_brand","embeddable":true,"href":"https:\/\/sofiestranslatingservice.com\/es\/wp-json\/wp\/v2\/product_brand?post=2940"},{"taxonomy":"product_cat","embeddable":true,"href":"https:\/\/sofiestranslatingservice.com\/es\/wp-json\/wp\/v2\/product_cat?post=2940"},{"taxonomy":"product_tag","embeddable":true,"href":"https:\/\/sofiestranslatingservice.com\/es\/wp-json\/wp\/v2\/product_tag?post=2940"}],"curies":[{"name":"wp","href":"https:\/\/api.w.org\/{rel}","templated":true}]}}