{"id":3343,"date":"2026-03-27T23:46:47","date_gmt":"2026-03-27T23:46:47","guid":{"rendered":"https:\/\/sofiestranslatingservice.com\/product\/haekelanleitung-auf-franzoesisch\/"},"modified":"2026-03-27T23:46:47","modified_gmt":"2026-03-27T23:46:47","slug":"haekelanleitung-auf-franzoesisch","status":"publish","type":"product","link":"https:\/\/sofiestranslatingservice.com\/de\/produkt\/haekelanleitung-auf-franzoesisch\/","title":{"rendered":"H\u00e4kelanleitung auf Franz\u00f6sisch"},"content":{"rendered":"<p><strong>Professioneller \u00dcbersetzungsservice f\u00fcr H\u00e4kelanleitungen<\/strong><\/p>\n<p>Erweitern Sie Ihre Reichweite und machen Sie Ihre H\u00e4kelanleitungen mit einer hochwertigen, pr\u00e4zisen \u00dcbersetzung einem breiteren Publikum zug\u00e4nglich. Ich bin auf die \u00dcbersetzung von H\u00e4kelanleitungen aus dem Franz\u00f6sischen ins Englische (US- und UK-Terminologie), Niederl\u00e4ndische oder Indonesische spezialisiert und stelle sicher, dass jede Masche, jede Abk\u00fcrzung und jede Anleitung klar und korrekt an die Zielsprache angepasst wird. <\/p>\n<p>H\u00e4kelanleitungen erfordern mehr als eine einfache \u00dcbersetzung \u2013 sie ben\u00f6tigen ein tiefes Verst\u00e4ndnis von Terminologie und Struktur. Ihre Anleitung wird mit gro\u00dfer Sorgfalt \u00fcbersetzt, um Klarheit, Konsistenz und Benutzerfreundlichkeit zu gew\u00e4hrleisten, damit Bastler Ihrem Entwurf ohne Verwirrung folgen k\u00f6nnen. French crochet terms are accurately converted into US or UK terminology where needed.<\/p>\n<p>Preise:<strong><\/strong>Der Preis f\u00fcr diesen Service wird pro 100 W\u00f6rter berechnet. Bitte gib unbedingt die richtige Menge an, die sich aus der Gesamtwortzahl deiner Strickanleitung ergibt. <\/p>\n<p><strong>So funktioniert es<\/strong>:<br \/>\nNach der Bestellung m\u00fcssen Sie Ihre Datei direkt auf der Checkout-Seite hochladen. Das ist notwendig, damit ich unverz\u00fcglich mit der \u00dcbersetzung beginnen kann. <\/p>\n<p>Akzeptierte Dateiformate:<br \/>\nBitte reichen Sie Ihr Muster in einem der folgenden Formate ein:<\/p>\n<ul>\n<li>PDF<\/li>\n<li>Canva<\/li>\n<li>Apple Pages<\/li>\n<li>Microsoft Word<\/li>\n<li>(oder \u00e4hnliche bearbeitbare\/lesbare Formate)<\/li>\n<\/ul>\n<p><strong>Wortanzahl<\/strong>:<br \/>\nWenn Sie die Wortanzahl Ihrer Strickanleitung bereits kennen, k\u00f6nnen Sie beim Kauf die richtige Menge angeben. Sollten Sie sich bez\u00fcglich der Wortzahl unsicher sein, kontaktieren Sie mich bitte vor der Bestellung \u00fcber die Kontaktseite und laden Sie Ihre Datei dort hoch. Ich werde mir das ansehen und die korrekte Wortzahl f\u00fcr Sie ermitteln.  <\/p>\n<p>Lieferung:<strong><\/strong>Sobald die \u00dcbersetzung fertig ist, erhalten Sie Ihre \u00fcbersetzte Anleitung per E-Mail zur\u00fcck. Die Bearbeitungszeit betr\u00e4gt in der Regel nicht mehr als 2\u20133 Tage, je nach Umfang der Strickanleitung. <\/p>\n<p>Jede \u00dcbersetzung wird mit Liebe zum Detail und Respekt f\u00fcr Ihr Originalwerk erstellt, damit Sie Ihre Anleitungen vertrauensvoll mit H\u00e4kelbegeisterten auf der ganzen Welt teilen k\u00f6nnen.<\/p>\n","protected":false},"excerpt":{"rendered":"<p>Professioneller \u00dcbersetzungsdienst f\u00fcr H\u00e4kelanleitungen aus dem Franz\u00f6sischen ins US-amerikanische oder britische Englisch, Niederl\u00e4ndische oder Indonesische. Ihre Anleitung wird sorgf\u00e4ltig \u00fcbersetzt, wobei besonders auf h\u00e4kelbezogene Fachbegriffe, Verst\u00e4ndlichkeit und Konsistenz geachtet wird, um sicherzustellen, dass sie pr\u00e4zise, leicht nachvollziehbar und dem urspr\u00fcnglichen Entwurf treu bleibt.  Ideal f\u00fcr Designer, die ein breiteres internationales Publikum erreichen m\u00f6chten, ohne dabei an Qualit\u00e4t oder Detailtreue einzub\u00fc\u00dfen.<\/p>\n","protected":false},"featured_media":2421,"comment_status":"open","ping_status":"closed","template":"","meta":{"_acf_changed":false},"product_brand":[],"product_cat":[211],"product_tag":[177,178,171,256,255,172,170,173,176,174,175],"class_list":{"0":"post-3343","1":"product","2":"type-product","3":"status-publish","4":"has-post-thumbnail","6":"product_cat-hakeln","7":"product_tag-amerikanisches-englisch","8":"product_tag-britisches-englisch","9":"product_tag-franzosisch","10":"product_tag-hakelanleitung-2","11":"product_tag-haekeln","12":"product_tag-indonesisch","13":"product_tag-niederlandisch","14":"product_tag-ubersetzen","16":"product_tag-ubersetzer","17":"product_tag-ubersetzungsdienst","19":"first","20":"instock","21":"virtual","22":"purchasable","23":"product-type-simple"},"acf":[],"aioseo_notices":[],"_links":{"self":[{"href":"https:\/\/sofiestranslatingservice.com\/de\/wp-json\/wp\/v2\/product\/3343","targetHints":{"allow":["GET"]}}],"collection":[{"href":"https:\/\/sofiestranslatingservice.com\/de\/wp-json\/wp\/v2\/product"}],"about":[{"href":"https:\/\/sofiestranslatingservice.com\/de\/wp-json\/wp\/v2\/types\/product"}],"replies":[{"embeddable":true,"href":"https:\/\/sofiestranslatingservice.com\/de\/wp-json\/wp\/v2\/comments?post=3343"}],"wp:featuredmedia":[{"embeddable":true,"href":"https:\/\/sofiestranslatingservice.com\/de\/wp-json\/wp\/v2\/media\/2421"}],"wp:attachment":[{"href":"https:\/\/sofiestranslatingservice.com\/de\/wp-json\/wp\/v2\/media?parent=3343"}],"wp:term":[{"taxonomy":"product_brand","embeddable":true,"href":"https:\/\/sofiestranslatingservice.com\/de\/wp-json\/wp\/v2\/product_brand?post=3343"},{"taxonomy":"product_cat","embeddable":true,"href":"https:\/\/sofiestranslatingservice.com\/de\/wp-json\/wp\/v2\/product_cat?post=3343"},{"taxonomy":"product_tag","embeddable":true,"href":"https:\/\/sofiestranslatingservice.com\/de\/wp-json\/wp\/v2\/product_tag?post=3343"}],"curies":[{"name":"wp","href":"https:\/\/api.w.org\/{rel}","templated":true}]}}